{"id":13,"date":"2020-06-21T16:11:44","date_gmt":"2020-06-21T19:11:44","guid":{"rendered":"https:\/\/www.zalikafarmaceutica.com\/new\/?page_id=13"},"modified":"2024-12-09T10:48:08","modified_gmt":"2024-12-09T13:48:08","slug":"what-we-do","status":"publish","type":"page","link":"https:\/\/www.zalikafarmaceutica.com\/pt\/about-us\/what-we-do\/","title":{"rendered":"O que n\u00f3s fazemos"},"content":{"rendered":"<p><div class=\"fusion-fullwidth fullwidth-box fusion-builder-row-1 fusion-flex-container nonhundred-percent-fullwidth non-hundred-percent-height-scrolling\" style=\"background-color: rgba(255,255,255,0);background-position: center center;background-repeat: no-repeat;border-width: 0px 0px 0px 0px;border-color:var(--awb-color4);border-style:solid;\" ><div class=\"fusion-builder-row fusion-row fusion-flex-align-items-flex-start\" style=\"max-width:1260px;margin-left: calc(-5% \/ 2 );margin-right: calc(-5% \/ 2 );\"><div class=\"fusion-layout-column fusion_builder_column fusion-builder-column-0 fusion_builder_column_1_1 1_1 fusion-flex-column\"><div class=\"fusion-column-wrapper fusion-flex-justify-content-flex-start fusion-content-layout-column\" style=\"background-position:left top;background-repeat:no-repeat;-webkit-background-size:cover;-moz-background-size:cover;-o-background-size:cover;background-size:cover;padding: 0px 69px 0px 70px;\"><div class=\"fusion-text fusion-text-1\"><p>Zalika supports foreign companies in the elaboration and execution of their startup strategies or redefinition of local strategies. Dedicating professionals to <b>THE TECHNICAL AND COMMERCIAL<\/b> aspects of the operation, allows its customers to achieve the most appropriate ENTRY pathway through a tailored solution based on a robust expertise and guidance.<\/p>\n<\/div><\/div><style type=\"text\/css\">.fusion-body .fusion-builder-column-0{width:100% !important;margin-top : 0px;margin-bottom : 0px;}.fusion-builder-column-0 > .fusion-column-wrapper {padding-top : 0px !important;padding-right : 69px !important;margin-right : 2.375%;padding-bottom : 0px !important;padding-left : 70px !important;margin-left : 0%;}@media only screen and (max-width:1024px) {.fusion-body .fusion-builder-column-0{width:100% !important;}.fusion-builder-column-0 > .fusion-column-wrapper {margin-right : 2.375%;margin-left : 0%;}}@media only screen and (max-width:640px) {.fusion-body .fusion-builder-column-0{width:100% !important;}.fusion-builder-column-0 > .fusion-column-wrapper {margin-right : 2.375%;margin-left : 2.375%;}}<\/style><\/div><\/div><style type=\"text\/css\">.fusion-body .fusion-flex-container.fusion-builder-row-1{ padding-top : 0px;margin-top : 0px;padding-right : 0px;padding-bottom : 0px;margin-bottom : 0px;padding-left : 0px;}<\/style><\/div><div class=\"fusion-fullwidth fullwidth-box fusion-builder-row-2 fusion-flex-container fusion-parallax-fixed nonhundred-percent-fullwidth non-hundred-percent-height-scrolling lazyload fusion-animated\" style=\"background-color: rgba(255,255,255,0);background-image:linear-gradient(180deg, hsla(var(--awb-color8-h),var(--awb-color8-s),var(--awb-color8-l),calc(var(--awb-color8-a) - 90%)) 0%,rgba(255,255,255,0) 100%);background-position: center center;background-repeat: no-repeat;border-width: 0px 0px 0px 0px;border-color:var(--awb-color4);border-style:solid;-webkit-background-size:cover;-moz-background-size:cover;-o-background-size:cover;background-size:cover;background-attachment:fixed;\" data-bg=\"https:\/\/www.zalikafarmaceutica.com\/wp-content\/uploads\/2023\/06\/rare-disease-zalika-farmaceutica_04.webp\" data-bg-gradient=\"linear-gradient(180deg, hsla(var(--awb-color8-h),var(--awb-color8-s),var(--awb-color8-l),calc(var(--awb-color8-a) - 90%)) 0%,rgba(255,255,255,0) 100%)\" data-animationtype=\"fadeIn\" data-animationduration=\"0.8\" data-animationoffset=\"top-into-view\" ><div class=\"fusion-builder-row fusion-row fusion-flex-align-items-flex-start\" style=\"max-width:1248px;margin-left: calc(-4% \/ 2 );margin-right: calc(-4% \/ 2 );\"><div class=\"fusion-layout-column fusion_builder_column fusion-builder-column-1 fusion-flex-column fusion-animated\" data-animationtype=\"bounceInUp\" data-animationduration=\"1.3\" data-animationoffset=\"top-into-view\"><div class=\"fusion-column-wrapper fusion-flex-justify-content-flex-start fusion-content-layout-column\" style=\"background-position:left top;background-repeat:no-repeat;-webkit-background-size:cover;-moz-background-size:cover;-o-background-size:cover;background-size:cover;background-color:var(--awb-color1);padding: 85px 69px 85px 70px;\"><style type=\"text\/css\">@media only screen and (max-width:1024px) {.fusion-title.fusion-title-1{margin-top:0px!important; margin-right:0px!important;margin-bottom:35px!important;margin-left:0px!important;}}@media only screen and (max-width:640px) {.fusion-title.fusion-title-1{margin-top:0px!important; margin-right:0px!important;margin-bottom:20px!important; margin-left:0px!important;}}<\/style><div class=\"fusion-title title fusion-title-1 fusion-sep-none fusion-title-text fusion-title-size-two\" style=\"margin-top:0px;margin-right:0px;margin-bottom:35px;margin-left:0px;\"><h2 class=\"title-heading-left fusion-responsive-typography-calculated\" style=\"margin:0;color:var(--awb-color8);--fontSize:36;line-height:var(--awb-typography1-line-height);\">Zalika Farmac\u00eautica enables new technologies, platforms, innovative products and New Companies to reach the Brazilian Country<\/h2><\/div><div class=\"fusion-text fusion-text-2\" style=\"font-size:var(--awb-typography4-font-size);line-height:var(--awb-typography4-line-height);letter-spacing:var(--awb-typography4-letter-spacing);text-transform:var(--awb-typography4-text-transform);color:var(--awb-color8);font-family:var(--awb-typography4-font-family);font-weight:var(--awb-typography4-font-weight);font-style:var(--awb-typography4-font-style);\"><p>(Innovative drugs, rare diseases, biologics, oncological and CNS products, niche segments, specific generic products, technology based products &#8211; liposomes, peptides, microspheres, extended release products, strategic medical devices, innovative supplements and other health product categories).<\/p>\n<\/div><div ><style>.fusion-body .fusion-button.button-1 .fusion-button-text{color:var(--awb-color1);text-transform:var(--awb-typography3-text-transform);}.fusion-body .fusion-button.button-1{border-color:var(--awb-color3);border-width:0px 0px 0px 0px;border-radius:0 0 0 0;background:var(--awb-color5);font-size:var(--awb-typography3-font-size);line-height:var(--awb-typography3-line-height);padding-top:16px;padding-right:32px;padding-bottom:16px;padding-left:32px;letter-spacing:var(--awb-typography3-letter-spacing);font-family:var(--awb-typography3-font-family);font-weight:var(--awb-typography3-font-weight);font-style:var(--awb-typography3-font-style);}.fusion-body .fusion-button.button-1 i,.fusion-body .fusion-button.button-1:hover .fusion-button-text,.fusion-body .fusion-button.button-1:hover i,.fusion-body .fusion-button.button-1:focus .fusion-button-text,.fusion-body .fusion-button.button-1:focus i,.fusion-body .fusion-button.button-1:active .fusion-button-text,.fusion-body .fusion-button.button-1:active i{color:var(--awb-color1);}.fusion-body .fusion-button.button-1:hover,.fusion-body .fusion-button.button-1:active,.fusion-body .fusion-button.button-1:focus{border-color:var(--awb-color1);border-width:0px 0px 0px 0px;background:hsla(var(--awb-color5-h),var(--awb-color5-s),var(--awb-color5-l),calc(var(--awb-color5-a) - 20%));}<\/style><a class=\"fusion-button button-flat fusion-button-default-size button-custom button-1 fusion-button-default-span\" target=\"_self\" href=\"https:\/\/www.zalikafarmaceutica.com\/pt\/about-us\/how-we-do-it\/\" style=\"margin-top:30px;\"><span class=\"fusion-button-text\">How We do It <\/span><i class=\"fa-angle-right fas button-icon-right\" aria-hidden=\"true\"><\/i><\/a><\/div><\/div><style type=\"text\/css\">.fusion-body .fusion-builder-column-1{width:52% !important;margin-top : 0px;margin-bottom : -65px;}.fusion-builder-column-1 > .fusion-column-wrapper {padding-top : 85px !important;padding-right : 69px !important;margin-right : 3.69230769231%;padding-bottom : 85px !important;padding-left : 70px !important;margin-left : 3.69230769231%;}@media only screen and (max-width:1024px) {.fusion-body .fusion-builder-column-1{width:66.6666666667% !important;order : 0;}.fusion-builder-column-1 > .fusion-column-wrapper {margin-right : 2.88%;margin-left : 2.88%;}}@media only screen and (max-width:640px) {.fusion-body .fusion-builder-column-1{width:100% !important;order : 0;}.fusion-builder-column-1 > .fusion-column-wrapper {padding-top : 50px !important;padding-right : 50px !important;margin-right : 1.92%;padding-bottom : 50px !important;padding-left : 50px !important;margin-left : 1.92%;}}<\/style><\/div><\/div><style type=\"text\/css\">.fusion-body .fusion-flex-container.fusion-builder-row-2{ padding-top : 8vw;margin-top : 0px;padding-right : 30px;padding-bottom : 108px;margin-bottom : 0px;padding-left : 30px;}@media only screen and (max-width:1024px) {.fusion-body .fusion-flex-container.fusion-builder-row-2{ margin-bottom : 145px;}}@media only screen and (max-width:640px) {.fusion-body .fusion-flex-container.fusion-builder-row-2{ padding-top : 16vw;}}<\/style><\/div><div class=\"fusion-fullwidth fullwidth-box fusion-builder-row-3 fusion-flex-container has-pattern-background has-mask-background faded-background fusion-parallax-fixed nonhundred-percent-fullwidth non-hundred-percent-height-scrolling lazyload\" style=\"background-position: center center;background-repeat: no-repeat;border-width: 0px 0px 0px 0px;border-color:var(--awb-color4);border-style:solid;-webkit-background-size:cover;-moz-background-size:cover;-o-background-size:cover;background-size:cover;background-attachment:fixed;\" data-bg=\"https:\/\/www.zalikafarmaceutica.com\/wp-content\/uploads\/2022\/10\/rare-disease-zalika-farmaceutica.webp\" ><div class=\"fullwidth-faded lazyload\" style=\"background-attachment:fixed;background-color:rgba(255,255,255,0);background-position:center center;background-repeat:no-repeat;-webkit-background-size:cover;-moz-background-size:cover;-o-background-size:cover;background-size:cover;\" data-bg=\"https:\/\/www.zalikafarmaceutica.com\/wp-content\/uploads\/2022\/10\/rare-disease-zalika-farmaceutica.webp\" ><\/div><div class=\"fusion-builder-row fusion-row fusion-flex-align-items-flex-start\" style=\"max-width:1260px;margin-left: calc(-5% \/ 2 );margin-right: calc(-5% \/ 2 );\"><div class=\"fusion-layout-column fusion_builder_column fusion-builder-column-2 fusion_builder_column_1_1 1_1 fusion-flex-column\"><div class=\"fusion-column-wrapper fusion-flex-justify-content-flex-start fusion-content-layout-column\" style=\"background-position:left top;background-repeat:no-repeat;-webkit-background-size:cover;-moz-background-size:cover;-o-background-size:cover;background-size:cover;padding: 50px 70px 0px 70px;\"><\/div><style type=\"text\/css\">.fusion-body .fusion-builder-column-2{width:100% !important;margin-top : 0px;margin-bottom : 20px;}.fusion-builder-column-2 > .fusion-column-wrapper {padding-top : 50px !important;padding-right : 70px !important;margin-right : 2.375%;padding-bottom : 0px !important;padding-left : 70px !important;margin-left : 9.5%;}@media only screen and (max-width:1024px) {.fusion-body .fusion-builder-column-2{width:100% !important;order : 0;}.fusion-builder-column-2 > .fusion-column-wrapper {margin-right : 2.375%;margin-left : 9.5%;}}@media only screen and (max-width:640px) {.fusion-body .fusion-builder-column-2{width:100% !important;order : 0;}.fusion-builder-column-2 > .fusion-column-wrapper {margin-right : 2.375%;margin-left : 2.375%;}}<\/style><\/div><\/div><style type=\"text\/css\">.fusion-body .fusion-flex-container.fusion-builder-row-3{ padding-top : 0px;margin-top : 0px;padding-right : 0px;padding-bottom : 489px;margin-bottom : 0px;padding-left : 0px;}<\/style><\/div><div class=\"fusion-fullwidth fullwidth-box fusion-builder-row-4 fusion-flex-container has-pattern-background has-mask-background nonhundred-percent-fullwidth non-hundred-percent-height-scrolling\" style=\"background-color: rgba(255,255,255,0);background-position: center center;background-repeat: no-repeat;border-width: 0px 0px 0px 0px;border-color:var(--awb-color4);border-style:solid;\" ><div class=\"fusion-builder-row fusion-row fusion-flex-align-items-flex-start\" style=\"max-width:1260px;margin-left: calc(-5% \/ 2 );margin-right: calc(-5% \/ 2 );\"><div class=\"fusion-layout-column fusion_builder_column fusion-builder-column-3 fusion_builder_column_1_1 1_1 fusion-flex-column\"><div class=\"fusion-column-wrapper fusion-flex-justify-content-flex-start fusion-content-layout-column\" style=\"background-position:left top;background-repeat:no-repeat;-webkit-background-size:cover;-moz-background-size:cover;-o-background-size:cover;background-size:cover;padding: 0px 0px 0px 0px;\"><div class=\"fusion-text fusion-text-3\"><\/div><\/div><style type=\"text\/css\">.fusion-body .fusion-builder-column-3{width:100% !important;margin-top : 0px;margin-bottom : 20px;}.fusion-builder-column-3 > .fusion-column-wrapper {padding-top : 0px !important;padding-right : 0px !important;margin-right : 2.375%;padding-bottom : 0px !important;padding-left : 0px !important;margin-left : 2.375%;}@media only screen and (max-width:1024px) {.fusion-body .fusion-builder-column-3{width:100% !important;order : 0;}.fusion-builder-column-3 > .fusion-column-wrapper {margin-right : 2.375%;margin-left : 2.375%;}}@media only screen and (max-width:640px) {.fusion-body .fusion-builder-column-3{width:100% !important;order : 0;}.fusion-builder-column-3 > .fusion-column-wrapper {margin-right : 2.375%;margin-left : 2.375%;}}<\/style><\/div><div class=\"fusion-layout-column fusion_builder_column fusion-builder-column-4 fusion_builder_column_1_1 1_1 fusion-flex-column\"><div class=\"fusion-column-wrapper fusion-flex-justify-content-flex-start fusion-content-layout-column\" style=\"background-position:left top;background-repeat:no-repeat;-webkit-background-size:cover;-moz-background-size:cover;-o-background-size:cover;background-size:cover;background-color:var(--awb-color1);padding: 0px 0px 0px 0px;\"><div class=\"awb-news-ticker awb-news-ticker-1 awb-news-ticker-marquee fusion-animated\" role=\"marquee\" data-animationtype=\"fadeInLeft\" data-animationduration=\"0.3\" data-animationoffset=\"top-into-view\"><style>.awb-news-ticker-1 .awb-news-ticker-item-separator{padding:0 25px;}.awb-news-ticker-1.awb-news-ticker{--awb-news-ticker-line-height:4.0;}.awb-news-ticker-1 .awb-news-ticker-title{color:var(--awb-color1);background-color:var(--awb-color5);}.awb-news-ticker-1 .awb-news-ticker-carousel-indicator{animation-duration:6s;}<\/style><div class=\"awb-news-ticker-title\">NEWS<\/div><div class=\"awb-news-ticker-bar awb-news-ticker-bar-marquee\"><div class=\"awb-news-ticker-item-list awb-news-ticker-item-list-run\" data-awb-ticker-speed=\"75\"><div class=\"awb-news-ticker-item\"><a class=\"awb-news-ticker-link\" href=\"https:\/\/www.zalikafarmaceutica.com\/pt\/2025\/08\/15\/dia-da-independencia-da-india\/\">Dia da<br>Independ\u00eancia da \u00cdndia<\/a><\/div><div class=\"awb-news-ticker-item-separator\">|<\/div><div class=\"awb-news-ticker-item\"><a class=\"awb-news-ticker-link\" href=\"https:\/\/www.zalikafarmaceutica.com\/pt\/2025\/07\/15\/zalika-participa-do-flab-2025-e-acompanha-de-perto-os-debates-sobre-biossimilares-no-brasil-e-na-america-latina\/\">Zalika<br> no FLAB 2025<\/a><\/div><div class=\"awb-news-ticker-item-separator\">|<\/div><div class=\"awb-news-ticker-item\"><a class=\"awb-news-ticker-link\" href=\"https:\/\/www.zalikafarmaceutica.com\/pt\/2025\/05\/23\/zalika-no-simposio-vacinas-e-vacinacao-pela-saude-universal\/\">Simp\u00f3sio Vacinas &#038; Vacina\u00e7\u00e3o pela Sa\u00fade Universal<\/a><\/div><div class=\"awb-news-ticker-item-separator\">|<\/div><div class=\"awb-news-ticker-item\"><a class=\"awb-news-ticker-link\" href=\"https:\/\/www.zalikafarmaceutica.com\/pt\/2025\/04\/30\/zalika-marca-presenca-no-8o-forum-brasileiro-de-farmacoeconomia-e-inovacao-em-saude\/\">8\u00ba F\u00f3rum Brasileiro de Farmacoeconomia e Inova\u00e7\u00e3o em Sa\u00fade<\/a><\/div><div class=\"awb-news-ticker-item-separator\">|<\/div><div class=\"awb-news-ticker-item\"><a class=\"awb-news-ticker-link\" href=\"https:\/\/www.zalikafarmaceutica.com\/pt\/2024\/12\/09\/ministerio-da-saude-distribui-15-milhao-de-doses-de-vacina-contra-covid-19\/\">Minist\u00e9rio da Sa\u00fade distribui 1,5 milh\u00e3o de doses de vacina contra Covid-19<\/a><\/div><div class=\"awb-news-ticker-item-separator\">|<\/div><div class=\"awb-news-ticker-item\"><a class=\"awb-news-ticker-link\" href=\"https:\/\/www.zalikafarmaceutica.com\/pt\/2024\/09\/25\/dia-internacional-do-farmaceutico\/\">Dia Internacional do Farmac\u00eautico<\/a><\/div><div class=\"awb-news-ticker-item-separator\">|<\/div><div class=\"awb-news-ticker-item\"><a class=\"awb-news-ticker-link\" href=\"https:\/\/www.zalikafarmaceutica.com\/pt\/2024\/08\/05\/dia-nacional-da-saude\/\">Dia Nacional da Sa\u00fade<\/a><\/div><\/div><\/div><\/div><\/div><style type=\"text\/css\">.fusion-body .fusion-builder-column-4{width:100% !important;margin-top : 0px;margin-bottom : 20px;}.fusion-builder-column-4 > .fusion-column-wrapper {padding-top : 0px !important;padding-right : 0px !important;margin-right : 2.375%;padding-bottom : 0px !important;padding-left : 0px !important;margin-left : 2.375%;}@media only screen and (max-width:1024px) {.fusion-body .fusion-builder-column-4{width:100% !important;order : 0;}.fusion-builder-column-4 > .fusion-column-wrapper {margin-right : 2.375%;margin-left : 2.375%;}}@media only screen and (max-width:640px) {.fusion-body .fusion-builder-column-4{width:100% !important;order : 0;}.fusion-builder-column-4 > .fusion-column-wrapper {margin-right : 2.375%;margin-left : 2.375%;}}<\/style><\/div><\/div><style type=\"text\/css\">.fusion-body .fusion-flex-container.fusion-builder-row-4{ padding-top : 0px;margin-top : 0px;padding-right : 0px;padding-bottom : 0px;margin-bottom : 0px;padding-left : 0px;}<\/style><\/div><\/p>","protected":false},"excerpt":{"rendered":"","protected":false},"author":1,"featured_media":2770,"parent":9,"menu_order":2,"comment_status":"closed","ping_status":"closed","template":"100-width.php","meta":[],"yoast_head":"<!-- This site is optimized with the Yoast SEO plugin v19.6 - https:\/\/yoast.com\/wordpress\/plugins\/seo\/ -->\n<title>What We Do - Zalika Farmac\u00eautica<\/title>\n<meta name=\"robots\" content=\"index, follow, max-snippet:-1, max-image-preview:large, max-video-preview:-1\" \/>\n<link rel=\"canonical\" href=\"https:\/\/www.zalikafarmaceutica.com\/pt\/about-us\/what-we-do\/\" \/>\n<meta property=\"og:locale\" content=\"pt_BR\" \/>\n<meta property=\"og:type\" content=\"article\" \/>\n<meta property=\"og:title\" content=\"What We Do - Zalika Farmac\u00eautica\" \/>\n<meta property=\"og:url\" content=\"https:\/\/www.zalikafarmaceutica.com\/pt\/about-us\/what-we-do\/\" \/>\n<meta property=\"og:site_name\" content=\"Zalika Farmac\u00eautica\" \/>\n<meta property=\"article:modified_time\" content=\"2024-12-09T13:48:08+00:00\" \/>\n<meta property=\"og:image\" content=\"https:\/\/www.zalikafarmaceutica.com\/wp-content\/uploads\/2022\/10\/what-we-do-Zalika-Farmaceutica-e1724069393525.webp\" \/>\n\t<meta property=\"og:image:width\" content=\"1024\" \/>\n\t<meta property=\"og:image:height\" content=\"439\" \/>\n\t<meta property=\"og:image:type\" content=\"image\/webp\" \/>\n<meta name=\"twitter:card\" content=\"summary_large_image\" \/>\n<meta name=\"twitter:label1\" content=\"Est. tempo de leitura\" \/>\n\t<meta name=\"twitter:data1\" content=\"4 minutos\" \/>\n<script type=\"application\/ld+json\" class=\"yoast-schema-graph\">{\"@context\":\"https:\/\/schema.org\",\"@graph\":[{\"@type\":\"WebPage\",\"@id\":\"https:\/\/www.zalikafarmaceutica.com\/about-us\/what-we-do\/\",\"url\":\"https:\/\/www.zalikafarmaceutica.com\/about-us\/what-we-do\/\",\"name\":\"What We Do - Zalika Farmac\u00eautica\",\"isPartOf\":{\"@id\":\"https:\/\/www.zalikafarmaceutica.com\/#website\"},\"datePublished\":\"2020-06-21T19:11:44+00:00\",\"dateModified\":\"2024-12-09T13:48:08+00:00\",\"breadcrumb\":{\"@id\":\"https:\/\/www.zalikafarmaceutica.com\/about-us\/what-we-do\/#breadcrumb\"},\"inLanguage\":\"pt-BR\",\"potentialAction\":[{\"@type\":\"ReadAction\",\"target\":[\"https:\/\/www.zalikafarmaceutica.com\/about-us\/what-we-do\/\"]}]},{\"@type\":\"BreadcrumbList\",\"@id\":\"https:\/\/www.zalikafarmaceutica.com\/about-us\/what-we-do\/#breadcrumb\",\"itemListElement\":[{\"@type\":\"ListItem\",\"position\":1,\"name\":\"Home\",\"item\":\"https:\/\/www.zalikafarmaceutica.com\/\"},{\"@type\":\"ListItem\",\"position\":2,\"name\":\"About Us\",\"item\":\"https:\/\/www.zalikafarmaceutica.com\/about-us\/\"},{\"@type\":\"ListItem\",\"position\":3,\"name\":\"What We Do\"}]},{\"@type\":\"WebSite\",\"@id\":\"https:\/\/www.zalikafarmaceutica.com\/#website\",\"url\":\"https:\/\/www.zalikafarmaceutica.com\/\",\"name\":\"Zalika Farmac\u00eautica\",\"description\":\"The Brazilian Healthcare Market within your hands!\",\"publisher\":{\"@id\":\"https:\/\/www.zalikafarmaceutica.com\/#organization\"},\"potentialAction\":[{\"@type\":\"SearchAction\",\"target\":{\"@type\":\"EntryPoint\",\"urlTemplate\":\"https:\/\/www.zalikafarmaceutica.com\/?s={search_term_string}\"},\"query-input\":\"required name=search_term_string\"}],\"inLanguage\":\"pt-BR\"},{\"@type\":\"Organization\",\"@id\":\"https:\/\/www.zalikafarmaceutica.com\/#organization\",\"name\":\"Zalika Farmac\u00eautica\",\"url\":\"https:\/\/www.zalikafarmaceutica.com\/\",\"sameAs\":[],\"logo\":{\"@type\":\"ImageObject\",\"inLanguage\":\"pt-BR\",\"@id\":\"https:\/\/www.zalikafarmaceutica.com\/#\/schema\/logo\/image\/\",\"url\":\"https:\/\/www.zalikafarmaceutica.com\/wp-content\/uploads\/2022\/08\/zalika-farmaceutica.png\",\"contentUrl\":\"https:\/\/www.zalikafarmaceutica.com\/wp-content\/uploads\/2022\/08\/zalika-farmaceutica.png\",\"width\":979,\"height\":111,\"caption\":\"Zalika Farmac\u00eautica\"},\"image\":{\"@id\":\"https:\/\/www.zalikafarmaceutica.com\/#\/schema\/logo\/image\/\"}}]}<\/script>\n<!-- \/ Yoast SEO plugin. -->","yoast_head_json":{"title":"What We Do - Zalika Farmac\u00eautica","robots":{"index":"index","follow":"follow","max-snippet":"max-snippet:-1","max-image-preview":"max-image-preview:large","max-video-preview":"max-video-preview:-1"},"canonical":"https:\/\/www.zalikafarmaceutica.com\/pt\/about-us\/what-we-do\/","og_locale":"pt_BR","og_type":"article","og_title":"What We Do - Zalika Farmac\u00eautica","og_url":"https:\/\/www.zalikafarmaceutica.com\/pt\/about-us\/what-we-do\/","og_site_name":"Zalika Farmac\u00eautica","article_modified_time":"2024-12-09T13:48:08+00:00","og_image":[{"width":1024,"height":439,"url":"https:\/\/www.zalikafarmaceutica.com\/wp-content\/uploads\/2022\/10\/what-we-do-Zalika-Farmaceutica-e1724069393525.webp","type":"image\/webp"}],"twitter_card":"summary_large_image","twitter_misc":{"Est. tempo de leitura":"4 minutos"},"schema":{"@context":"https:\/\/schema.org","@graph":[{"@type":"WebPage","@id":"https:\/\/www.zalikafarmaceutica.com\/about-us\/what-we-do\/","url":"https:\/\/www.zalikafarmaceutica.com\/about-us\/what-we-do\/","name":"What We Do - Zalika Farmac\u00eautica","isPartOf":{"@id":"https:\/\/www.zalikafarmaceutica.com\/#website"},"datePublished":"2020-06-21T19:11:44+00:00","dateModified":"2024-12-09T13:48:08+00:00","breadcrumb":{"@id":"https:\/\/www.zalikafarmaceutica.com\/about-us\/what-we-do\/#breadcrumb"},"inLanguage":"pt-BR","potentialAction":[{"@type":"ReadAction","target":["https:\/\/www.zalikafarmaceutica.com\/about-us\/what-we-do\/"]}]},{"@type":"BreadcrumbList","@id":"https:\/\/www.zalikafarmaceutica.com\/about-us\/what-we-do\/#breadcrumb","itemListElement":[{"@type":"ListItem","position":1,"name":"Home","item":"https:\/\/www.zalikafarmaceutica.com\/"},{"@type":"ListItem","position":2,"name":"About Us","item":"https:\/\/www.zalikafarmaceutica.com\/about-us\/"},{"@type":"ListItem","position":3,"name":"What We Do"}]},{"@type":"WebSite","@id":"https:\/\/www.zalikafarmaceutica.com\/#website","url":"https:\/\/www.zalikafarmaceutica.com\/","name":"Zalika Farmac\u00eautica","description":"The Brazilian Healthcare Market within your hands!","publisher":{"@id":"https:\/\/www.zalikafarmaceutica.com\/#organization"},"potentialAction":[{"@type":"SearchAction","target":{"@type":"EntryPoint","urlTemplate":"https:\/\/www.zalikafarmaceutica.com\/?s={search_term_string}"},"query-input":"required name=search_term_string"}],"inLanguage":"pt-BR"},{"@type":"Organization","@id":"https:\/\/www.zalikafarmaceutica.com\/#organization","name":"Zalika Farmac\u00eautica","url":"https:\/\/www.zalikafarmaceutica.com\/","sameAs":[],"logo":{"@type":"ImageObject","inLanguage":"pt-BR","@id":"https:\/\/www.zalikafarmaceutica.com\/#\/schema\/logo\/image\/","url":"https:\/\/www.zalikafarmaceutica.com\/wp-content\/uploads\/2022\/08\/zalika-farmaceutica.png","contentUrl":"https:\/\/www.zalikafarmaceutica.com\/wp-content\/uploads\/2022\/08\/zalika-farmaceutica.png","width":979,"height":111,"caption":"Zalika Farmac\u00eautica"},"image":{"@id":"https:\/\/www.zalikafarmaceutica.com\/#\/schema\/logo\/image\/"}}]}},"_links":{"self":[{"href":"https:\/\/www.zalikafarmaceutica.com\/pt\/wp-json\/wp\/v2\/pages\/13"}],"collection":[{"href":"https:\/\/www.zalikafarmaceutica.com\/pt\/wp-json\/wp\/v2\/pages"}],"about":[{"href":"https:\/\/www.zalikafarmaceutica.com\/pt\/wp-json\/wp\/v2\/types\/page"}],"author":[{"embeddable":true,"href":"https:\/\/www.zalikafarmaceutica.com\/pt\/wp-json\/wp\/v2\/users\/1"}],"replies":[{"embeddable":true,"href":"https:\/\/www.zalikafarmaceutica.com\/pt\/wp-json\/wp\/v2\/comments?post=13"}],"version-history":[{"count":32,"href":"https:\/\/www.zalikafarmaceutica.com\/pt\/wp-json\/wp\/v2\/pages\/13\/revisions"}],"predecessor-version":[{"id":3191,"href":"https:\/\/www.zalikafarmaceutica.com\/pt\/wp-json\/wp\/v2\/pages\/13\/revisions\/3191"}],"up":[{"embeddable":true,"href":"https:\/\/www.zalikafarmaceutica.com\/pt\/wp-json\/wp\/v2\/pages\/9"}],"wp:featuredmedia":[{"embeddable":true,"href":"https:\/\/www.zalikafarmaceutica.com\/pt\/wp-json\/wp\/v2\/media\/2770"}],"wp:attachment":[{"href":"https:\/\/www.zalikafarmaceutica.com\/pt\/wp-json\/wp\/v2\/media?parent=13"}],"curies":[{"name":"wp","href":"https:\/\/api.w.org\/{rel}","templated":true}]}}